{"id":13641,"date":"2024-06-20T10:47:58","date_gmt":"2024-06-20T14:47:58","guid":{"rendered":"https:\/\/vu21.com\/?post_type=product&#038;p=13641"},"modified":"2024-09-27T03:19:28","modified_gmt":"2024-09-27T07:19:28","slug":"boxer-aussiebum-aus302-horma-pequena","status":"publish","type":"product","link":"https:\/\/vu21.com\/index.php\/producto\/boxer-aussiebum-aus302-horma-pequena\/","title":{"rendered":"BOXER AUSSIEBUM (AUS302) HORMA PEQUE\u00d1A"},"content":{"rendered":"<p>B\u00d3XER AUSSIEBUM (AUS302)<\/p>\n<p>B\u00f3xer para caballeros aussiebum<\/p>\n<p><span style=\"color: #ff0000\">VERIFIQUE LA TALLA ANTES DE REALIZAR SU PEDIDO<\/span><\/p>\n<p>&nbsp;<\/p>\n<p>We sell high quality\u00a0<a href=\"https:\/\/www.minervawatches.com\/omega\">Omega replica<\/a>\u00a0watches including AAA+ replica Omega watches, Moonwatch, Seamaster, Speed MAAA 1:1 Omega clone watches.<\/p>\n<p>Acquista i migliori\u00a0<a href=\"https:\/\/orologireplica.is\">orologi replica<\/a>\u00a0di lusso su https:\/\/orologireplica.is offre orologi replica di Rolex, Panerai, Tag Heuer, Omega e altri a prezzi bassi.<\/p>\n<p>Les meilleures\u00a0<a href=\"https:\/\/repliquesdemontres.is\/\">r\u00e9pliques de montres\u00a0<\/a>bon march\u00e9 du Royaume-Uni AAA \u00e0 des prix abordables peuvent \u00eatre trouv\u00e9es sur ce site Web.<\/p>\n","protected":false},"excerpt":{"rendered":"<p>B\u00d3XER AUSSIEBUM (AUS302)<\/p>\n<p>&nbsp;<\/p>\n","protected":false},"featured_media":13645,"comment_status":"open","ping_status":"closed","template":"","meta":[],"product_brand":[],"product_cat":[92,90],"product_tag":[171,175,167,32],"class_list":{"0":"post-13641","1":"product","2":"type-product","3":"status-publish","4":"has-post-thumbnail","6":"product_cat-boxers-cortos","7":"product_cat-ropa-interior","8":"product_tag-aus","9":"product_tag-aussiebum","10":"product_tag-boxer","11":"product_tag-fashion","12":"pa_color-azul-oscuro","13":"pa_marca-aussiebum","14":"pa_talla-xl-32-de-pantalon","16":"first","17":"instock","18":"taxable","19":"shipping-taxable","20":"purchasable","21":"product-type-variable"},"_links":{"self":[{"href":"https:\/\/vu21.com\/index.php\/wp-json\/wp\/v2\/product\/13641","targetHints":{"allow":["GET"]}}],"collection":[{"href":"https:\/\/vu21.com\/index.php\/wp-json\/wp\/v2\/product"}],"about":[{"href":"https:\/\/vu21.com\/index.php\/wp-json\/wp\/v2\/types\/product"}],"replies":[{"embeddable":true,"href":"https:\/\/vu21.com\/index.php\/wp-json\/wp\/v2\/comments?post=13641"}],"wp:featuredmedia":[{"embeddable":true,"href":"https:\/\/vu21.com\/index.php\/wp-json\/wp\/v2\/media\/13645"}],"wp:attachment":[{"href":"https:\/\/vu21.com\/index.php\/wp-json\/wp\/v2\/media?parent=13641"}],"wp:term":[{"taxonomy":"product_brand","embeddable":true,"href":"https:\/\/vu21.com\/index.php\/wp-json\/wp\/v2\/product_brand?post=13641"},{"taxonomy":"product_cat","embeddable":true,"href":"https:\/\/vu21.com\/index.php\/wp-json\/wp\/v2\/product_cat?post=13641"},{"taxonomy":"product_tag","embeddable":true,"href":"https:\/\/vu21.com\/index.php\/wp-json\/wp\/v2\/product_tag?post=13641"}],"curies":[{"name":"wp","href":"https:\/\/api.w.org\/{rel}","templated":true}]}}