{"id":3048,"date":"2017-09-14T15:38:49","date_gmt":"2017-09-14T19:38:49","guid":{"rendered":"http:\/\/vu21.com\/WEBNEW\/?post_type=product&#038;p=3048"},"modified":"2023-07-07T11:32:17","modified_gmt":"2023-07-07T15:32:17","slug":"boxer-aussiebum-aus243","status":"publish","type":"product","link":"https:\/\/vu21.com\/index.php\/producto\/boxer-aussiebum-aus243\/","title":{"rendered":"B\u00d3XER AUSSIEBUM (AUS243)  HORMA PEQUE\u00d1A"},"content":{"rendered":"<p>B\u00d3XER AUSSIEBUM (AUS243)<\/p>\n<p>B\u00f3xer para caballeros aussiebum<\/p>\n<p>VERIFIQUE LA TALLA ANTES DE REALIZAR SU PEDIDO<\/p>\n","protected":false},"excerpt":{"rendered":"<p>B\u00d3XER AUSSIEBUM (AUS243)<\/p>\n","protected":false},"featured_media":11073,"comment_status":"open","ping_status":"closed","template":"","meta":[],"product_brand":[],"product_cat":[92,90],"product_tag":[171,175,167,32],"class_list":{"0":"post-3048","1":"product","2":"type-product","3":"status-publish","4":"has-post-thumbnail","6":"product_cat-boxers-cortos","7":"product_cat-ropa-interior","8":"product_tag-aus","9":"product_tag-aussiebum","10":"product_tag-boxer","11":"product_tag-fashion","12":"pa_color-rojo","13":"pa_marca-aussiebum","14":"pa_talla-l-30-de-pantalon-27","15":"pa_talla-xl-32-de-pantalon","17":"first","18":"instock","19":"taxable","20":"shipping-taxable","21":"purchasable","22":"product-type-variable"},"_links":{"self":[{"href":"https:\/\/vu21.com\/index.php\/wp-json\/wp\/v2\/product\/3048","targetHints":{"allow":["GET"]}}],"collection":[{"href":"https:\/\/vu21.com\/index.php\/wp-json\/wp\/v2\/product"}],"about":[{"href":"https:\/\/vu21.com\/index.php\/wp-json\/wp\/v2\/types\/product"}],"replies":[{"embeddable":true,"href":"https:\/\/vu21.com\/index.php\/wp-json\/wp\/v2\/comments?post=3048"}],"wp:featuredmedia":[{"embeddable":true,"href":"https:\/\/vu21.com\/index.php\/wp-json\/wp\/v2\/media\/11073"}],"wp:attachment":[{"href":"https:\/\/vu21.com\/index.php\/wp-json\/wp\/v2\/media?parent=3048"}],"wp:term":[{"taxonomy":"product_brand","embeddable":true,"href":"https:\/\/vu21.com\/index.php\/wp-json\/wp\/v2\/product_brand?post=3048"},{"taxonomy":"product_cat","embeddable":true,"href":"https:\/\/vu21.com\/index.php\/wp-json\/wp\/v2\/product_cat?post=3048"},{"taxonomy":"product_tag","embeddable":true,"href":"https:\/\/vu21.com\/index.php\/wp-json\/wp\/v2\/product_tag?post=3048"}],"curies":[{"name":"wp","href":"https:\/\/api.w.org\/{rel}","templated":true}]}}