{"id":7026,"date":"2018-10-09T11:25:23","date_gmt":"2018-10-09T15:25:23","guid":{"rendered":"http:\/\/vu21.com\/?post_type=product&#038;p=7026"},"modified":"2024-02-27T10:57:41","modified_gmt":"2024-02-27T14:57:41","slug":"suspensor-c-in2-cin-02","status":"publish","type":"product","link":"https:\/\/vu21.com\/index.php\/producto\/suspensor-c-in2-cin-02\/","title":{"rendered":"HILO Y-BACK THONG C-IN2 (CIN-02)"},"content":{"rendered":"<p>SUSPENSOR HILO Y-BACK THONG C-IN2 (CIN-02)<\/p>\n<p>\u00a1100% comodidad el 100% del tiempo! La colecci\u00f3n CORE m\u00e1s vendida de C-IN2 lleva la ropa interior masculina de calidad a un nuevo nivel con estilos incre\u00edblemente suaves y de apoyo hechos de 100% algod\u00f3n. Sexy, transpirable y demasiado c\u00f3moda para resistir, la colecci\u00f3n m\u00e1s grande y popular de C-IN2 un dise\u00f1o inmejorable lo tienen cubierto para que pueda sentirse bien de principio a fin, todos los d\u00edas.<\/p>\n<p>Estilo tanga ( Thong )<br \/>\nDe talle bajo, se sienta debajo de la cintura natural<br \/>\nCobertura sexy en la espalda en Y<br \/>\nTejido de algod\u00f3n transpirable para un ajuste suave y liso.<br \/>\nEl\u00e1stico cubierto alrededor de las aberturas de las piernas para un ajuste seguro y c\u00f3modo.<br \/>\nCintura el\u00e1stica expuesta con logotipo de repetici\u00f3n din\u00e1mica<br \/>\n100% algod\u00f3n<br \/>\nLavar a maquina<br \/>\nImportado<\/p>\n<p>Elaborados en Thailandia<\/p>\n<div class=\"woocommerce-tabs wc-tabs-wrapper\">\n<div id=\"tab-description\" class=\"woocommerce-Tabs-panel woocommerce-Tabs-panel--description panel entry-content wc-tab\" role=\"tabpanel\">\n<p>VERIFIQUE LA TALLA ANTES DE REALIZAR SU PEDIDO<\/p>\n<\/div>\n<\/div>\n<div class=\"widget related_products_widget related products\"><\/div>\n","protected":false},"excerpt":{"rendered":"<p>HILO C-IN2 (CIN-02)<\/p>\n","protected":false},"featured_media":7031,"comment_status":"open","ping_status":"closed","template":"","meta":[],"product_brand":[],"product_cat":[96,90],"product_tag":[210,36,209],"class_list":{"0":"post-7026","1":"product","2":"type-product","3":"status-publish","4":"has-post-thumbnail","6":"product_cat-hilos","7":"product_cat-ropa-interior","8":"product_tag-c-in2","9":"product_tag-men","10":"product_tag-suspensor","11":"pa_color-negro","12":"pa_marca-c-in2","13":"pa_material-algodon","14":"pa_talla-s-28-de-pantalon","16":"first","17":"instock","18":"taxable","19":"shipping-taxable","20":"purchasable","21":"product-type-variable"},"_links":{"self":[{"href":"https:\/\/vu21.com\/index.php\/wp-json\/wp\/v2\/product\/7026","targetHints":{"allow":["GET"]}}],"collection":[{"href":"https:\/\/vu21.com\/index.php\/wp-json\/wp\/v2\/product"}],"about":[{"href":"https:\/\/vu21.com\/index.php\/wp-json\/wp\/v2\/types\/product"}],"replies":[{"embeddable":true,"href":"https:\/\/vu21.com\/index.php\/wp-json\/wp\/v2\/comments?post=7026"}],"wp:featuredmedia":[{"embeddable":true,"href":"https:\/\/vu21.com\/index.php\/wp-json\/wp\/v2\/media\/7031"}],"wp:attachment":[{"href":"https:\/\/vu21.com\/index.php\/wp-json\/wp\/v2\/media?parent=7026"}],"wp:term":[{"taxonomy":"product_brand","embeddable":true,"href":"https:\/\/vu21.com\/index.php\/wp-json\/wp\/v2\/product_brand?post=7026"},{"taxonomy":"product_cat","embeddable":true,"href":"https:\/\/vu21.com\/index.php\/wp-json\/wp\/v2\/product_cat?post=7026"},{"taxonomy":"product_tag","embeddable":true,"href":"https:\/\/vu21.com\/index.php\/wp-json\/wp\/v2\/product_tag?post=7026"}],"curies":[{"name":"wp","href":"https:\/\/api.w.org\/{rel}","templated":true}]}}